{"id":1816,"date":"2024-03-27T17:04:39","date_gmt":"2024-03-27T16:04:39","guid":{"rendered":"https:\/\/fagarapartners.com\/?page_id=1816"},"modified":"2024-04-01T10:48:19","modified_gmt":"2024-04-01T08:48:19","slug":"biographie7","status":"publish","type":"page","link":"https:\/\/fagarapartners.com\/en\/biographie7\/","title":{"rendered":"Biographie7"},"content":{"rendered":"<div data-elementor-type=\"wp-page\" data-elementor-id=\"1816\" class=\"elementor elementor-1816\" data-elementor-post-type=\"page\">\n\t\t\t\t\t\t<section class=\"elementor-section elementor-top-section elementor-element elementor-element-ec1fece elementor-section-full_width elementor-section-stretched elementor-section-height-default elementor-section-height-default\" data-id=\"ec1fece\" data-element_type=\"section\" data-settings=\"{&quot;background_background&quot;:&quot;classic&quot;,&quot;stretch_section&quot;:&quot;section-stretched&quot;}\">\n\t\t\t\t\t\t<div class=\"elementor-container elementor-column-gap-default\">\n\t\t\t\t\t<div class=\"elementor-column elementor-col-100 elementor-top-column elementor-element elementor-element-dd4cb6a\" data-id=\"dd4cb6a\" data-element_type=\"column\">\n\t\t\t<div class=\"elementor-widget-wrap elementor-element-populated\">\n\t\t\t\t\t\t<div class=\"elementor-element elementor-element-6d8852b elementor-widget elementor-widget-image\" data-id=\"6d8852b\" data-element_type=\"widget\" data-widget_type=\"image.default\">\n\t\t\t\t<div class=\"elementor-widget-container\">\n\t\t\t\t\t\t\t\t\t\t\t\t\t<img fetchpriority=\"high\" decoding=\"async\" width=\"1000\" height=\"666\" src=\"https:\/\/fagarapartners.com\/wp-content\/uploads\/2024\/04\/notre-equipe.webp\" class=\"attachment-full size-full wp-image-2166\" alt=\"\" srcset=\"https:\/\/fagarapartners.com\/wp-content\/uploads\/2024\/04\/notre-equipe.webp 1000w, https:\/\/fagarapartners.com\/wp-content\/uploads\/2024\/04\/notre-equipe-768x511.webp 768w, https:\/\/fagarapartners.com\/wp-content\/uploads\/2024\/04\/notre-equipe-600x400.webp 600w\" sizes=\"(max-width: 1000px) 100vw, 1000px\" \/>\t\t\t\t\t\t\t\t\t\t\t\t\t<\/div>\n\t\t\t\t<\/div>\n\t\t\t\t\t<\/div>\n\t\t<\/div>\n\t\t\t\t\t<\/div>\n\t\t<\/section>\n\t\t\t\t<section class=\"elementor-section elementor-top-section elementor-element elementor-element-d0d5d53 elementor-section-boxed elementor-section-height-default elementor-section-height-default\" data-id=\"d0d5d53\" data-element_type=\"section\" data-settings=\"{&quot;background_background&quot;:&quot;classic&quot;,&quot;shape_divider_top&quot;:&quot;zigzag&quot;}\">\n\t\t\t\t\t<div class=\"elementor-shape elementor-shape-top\" data-negative=\"false\">\n\t\t\t<svg xmlns=\"http:\/\/www.w3.org\/2000\/svg\" viewbox=\"0 0 1800 5.8\" preserveaspectratio=\"none\">\n  <path class=\"elementor-shape-fill\" d=\"M5.4.4l5.4 5.3L16.5.4l5.4 5.3L27.5.4 33 5.7 38.6.4l5.5 5.4h.1L49.9.4l5.4 5.3L60.9.4l5.5 5.3L72 .4l5.5 5.3L83.1.4l5.4 5.3L94.1.4l5.5 5.4h.2l5.6-5.4 5.5 5.3 5.6-5.3 5.4 5.3 5.6-5.3 5.5 5.3 5.6-5.3 5.5 5.4h.2l5.6-5.4 5.4 5.3L161 .4l5.4 5.3L172 .4l5.5 5.3 5.6-5.3 5.4 5.3 5.7-5.3 5.4 5.4h.2l5.6-5.4 5.5 5.3 5.6-5.3 5.5 5.3 5.6-5.3 5.4 5.3 5.6-5.3 5.5 5.4h.2l5.6-5.4 5.5 5.3L261 .4l5.4 5.3L272 .4l5.5 5.3 5.6-5.3 5.5 5.3 5.6-5.3 5.5 5.4h.1l5.7-5.4 5.4 5.3 5.6-5.3 5.5 5.3 5.6-5.3 5.4 5.3 5.7-5.3 5.4 5.4h.2l5.6-5.4 5.5 5.3L361 .4l5.5 5.3 5.6-5.3 5.4 5.3 5.6-5.3 5.5 5.3 5.6-5.3 5.5 5.4h.1l5.7-5.4 5.4 5.3 5.6-5.3 5.5 5.3 5.6-5.3 5.5 5.3 5.6-5.3 5.5 5.4h.1l5.6-5.4 5.5 5.3L461 .4l5.5 5.3 5.6-5.3 5.4 5.3 5.7-5.3 5.4 5.3 5.6-5.3 5.5 5.4h.2l5.6-5.4 5.5 5.3 5.6-5.3 5.4 5.3 5.6-5.3 5.5 5.3 5.6-5.3 5.5 5.4h.1L550 .4l5.4 5.3L561 .4l5.5 5.3 5.6-5.3 5.5 5.3 5.6-5.3 5.4 5.3 5.6-5.3 5.5 5.4h.2l5.6-5.4 5.5 5.3 5.6-5.3 5.4 5.3 5.7-5.3 5.4 5.3 5.6-5.3 5.5 5.4h.2L650 .4l5.5 5.3 5.6-5.3 5.4 5.3 5.6-5.3 5.5 5.3 5.6-5.3 5.5 5.3 5.6-5.3 5.4 5.4h.2l5.6-5.4 5.5 5.3 5.6-5.3 5.5 5.3 5.6-5.3 5.4 5.3 5.6-5.3 5.5 5.4h.2L750 .4l5.5 5.3 5.6-5.3 5.4 5.3 5.7-5.3 5.4 5.3 5.6-5.3 5.5 5.3 5.6-5.3 5.5 5.4h.1l5.7-5.4 5.4 5.3 5.6-5.3 5.5 5.3 5.6-5.3 5.5 5.3 5.6-5.3 5.4 5.4h.2L850 .4l5.5 5.3 5.6-5.3 5.5 5.3 5.6-5.3 5.4 5.3 5.6-5.3 5.5 5.3 5.6-5.3 5.5 5.4h.2l5.6-5.4 5.4 5.3 5.7-5.3 5.4 5.3 5.6-5.3 5.5 5.3 5.6-5.3 5.5 5.4h.1l5.7-5.4 5.4 5.3 5.6-5.3 5.5 5.3 5.6-5.3 5.5 5.3 5.6-5.3 5.4 5.3 5.6-5.3 5.5 5.4h.2l5.6-5.4 5.5 5.3 5.6-5.3 5.4 5.3 5.6-5.3 5.5 5.3 5.6-5.3 5.5 5.4h.2l5.6-5.4 5.4 5.3 5.7-5.3 5.4 5.3 5.6-5.3 5.5 5.3 5.6-5.3 5.5 5.3 5.6-5.3 5.4 5.4h.2l5.6-5.4 5.5 5.3 5.6-5.3 5.5 5.3 5.6-5.3 5.4 5.3 5.6-5.3 5.5 5.4h.2l5.6-5.4 5.5 5.3 5.6-5.3 5.4 5.3 5.6-5.3 5.5 5.3 5.6-5.3 5.5 5.3 5.6-5.3 5.5 5.4h.1l5.7-5.4 5.4 5.3 5.6-5.3 5.5 5.3 5.6-5.3 5.5 5.3 5.6-5.3 5.4 5.4h.2l5.6-5.4 5.5 5.3 5.6-5.3 5.5 5.3 5.6-5.3 5.4 5.3 5.6-5.3 5.5 5.3 5.6-5.3 5.5 5.4h.2l5.6-5.4 5.4 5.3 5.6-5.3 5.5 5.3 5.6-5.3 5.5 5.3 5.6-5.3 5.5 5.4h.1l5.7-5.4 5.4 5.3 5.6-5.3 5.5 5.3 5.6-5.3 5.5 5.3 5.6-5.3 5.4 5.3 5.6-5.3 5.5 5.4h.2l5.6-5.4 5.5 5.3 5.6-5.3 5.4 5.3 5.6-5.3 5.5 5.3 5.6-5.3 5.5 5.4h.2l5.6-5.4 5.4 5.3 5.6-5.3 5.5 5.3 5.6-5.3 5.5 5.3 5.6-5.3 5.4 5.3 5.7-5.3 5.4 5.4h.2l5.6-5.4 5.5 5.3 5.6-5.3 5.5 5.3 5.6-5.3 5.4 5.3 5.6-5.3 5.5 5.4h.2l5.6-5.4 5.5 5.3 5.6-5.3 5.4 5.3 5.6-5.3 5.5 5.3 5.6-5.3 5.5 5.3 5.6-5.3 5.5 5.4h.1l5.6-5.4 5.5 5.3 5.6-5.3 5.5 5.3 5.6-5.3 5.4 5.3 5.7-5.3 5.4 5.4h.2l5.6-5.4 5.5 5.3 5.6-5.3 5.5 5.3 5.6-5.3 5.4 5.3 5.6-5.3 5.5 5.3 5.6-5.3 5.5 5.4h.1l5.7-5.4 5.4 5.3 5.6-5.3 5.5 5.3 5.6-5.3 5.5 5.3 5.6-5.3 5.5 5.4h.1l5.6-5.4 5.5 5.3 5.6-5.3 5.5 5.3 5.6-5.3 5.4 5.3 5.7-5.3 5.4 5.3 5.6-5.3 5.5 5.4V0H-.2v5.8z\"\/>\n<\/svg>\n\t\t<\/div>\n\t\t\t\t\t<div class=\"elementor-container elementor-column-gap-default\">\n\t\t\t\t\t<div class=\"elementor-column elementor-col-50 elementor-top-column elementor-element elementor-element-123ea89\" data-id=\"123ea89\" data-element_type=\"column\">\n\t\t\t<div class=\"elementor-widget-wrap elementor-element-populated\">\n\t\t\t\t\t\t<div class=\"elementor-element elementor-element-d5efa7a elementor-widget elementor-widget-image\" data-id=\"d5efa7a\" data-element_type=\"widget\" data-widget_type=\"image.default\">\n\t\t\t\t<div class=\"elementor-widget-container\">\n\t\t\t\t\t\t\t\t\t\t\t\t\t<img decoding=\"async\" width=\"872\" height=\"1024\" src=\"https:\/\/fagarapartners.com\/wp-content\/uploads\/2024\/03\/Mr-Maliki-872x1024.jpg\" class=\"attachment-large size-large wp-image-1758\" alt=\"\" srcset=\"https:\/\/fagarapartners.com\/wp-content\/uploads\/2024\/03\/Mr-Maliki-872x1024.jpg 872w, https:\/\/fagarapartners.com\/wp-content\/uploads\/2024\/03\/Mr-Maliki-768x902.jpg 768w, https:\/\/fagarapartners.com\/wp-content\/uploads\/2024\/03\/Mr-Maliki-600x704.jpg 600w\" sizes=\"(max-width: 872px) 100vw, 872px\" \/>\t\t\t\t\t\t\t\t\t\t\t\t\t<\/div>\n\t\t\t\t<\/div>\n\t\t\t\t<div class=\"elementor-element elementor-element-6aef9d1 elementor-widget elementor-widget-gva-heading-block\" data-id=\"6aef9d1\" data-element_type=\"widget\" data-widget_type=\"gva-heading-block.default\">\n\t\t\t\t<div class=\"elementor-widget-container\">\n\t\t\t<div class=\"gva-element-gva-heading-block gva-element\">   <div class=\"align-left style-1 widget gsc-heading box-align-left auto-responsive\">\r\n      <div class=\"content-inner\">\r\n         \r\n                  \r\n         <div class=\"sub-title\"><span class=\"tagline\">Diallo Maliki<\/span><\/div>  \r\n         \r\n                     <h2 class=\"title\">\r\n               <span>Administrative and Financial Director <\/span>\r\n            <\/h2>\r\n                  \r\n         \r\n         \r\n      <\/div>\r\n   <\/div>\r\n<\/div>\t\t<\/div>\n\t\t\t\t<\/div>\n\t\t\t\t\t<\/div>\n\t\t<\/div>\n\t\t\t\t<div class=\"elementor-column elementor-col-50 elementor-top-column elementor-element elementor-element-087fda3\" data-id=\"087fda3\" data-element_type=\"column\">\n\t\t\t<div class=\"elementor-widget-wrap elementor-element-populated\">\n\t\t\t\t\t\t<div class=\"elementor-element elementor-element-7f494ae elementor-widget elementor-widget-gva-heading-block\" data-id=\"7f494ae\" data-element_type=\"widget\" data-widget_type=\"gva-heading-block.default\">\n\t\t\t\t<div class=\"elementor-widget-container\">\n\t\t\t<div class=\"gva-element-gva-heading-block gva-element\">   <div class=\"align-left style-1 widget gsc-heading box-align-left auto-responsive\">\r\n      <div class=\"content-inner\">\r\n         \r\n                  \r\n           \r\n         \r\n                  \r\n                     <div class=\"title-desc\">Monsieur Maliki Diallo est un professionnel accompli dans le domaine de la finance, de la comptabilit\u00e9 et de la gestion d'entreprise. Il a d\u00e9but\u00e9 son parcours acad\u00e9mique en obtenant un BTS en Finance, Comptabilit\u00e9 et Gestion d'entreprise \u00e0 PIGIER, d\u00e9montrant ainsi son int\u00e9r\u00eat pr\u00e9coce pour les aspects financiers et administratifs des organisations.\n<br><br>\nPar la suite, il a poursuivi ses \u00e9tudes \u00e0 un niveau sup\u00e9rieur en obtenant une Licence et un Master en Finance, Audit et Contr\u00f4le de Gestion au LEGACY INSTITUT \u00e0 Abidjan, en C\u00f4te d'Ivoire. Cette formation approfondie lui a permis d'acqu\u00e9rir une expertise pointue dans le domaine de la finance et du contr\u00f4le de gestion, le pr\u00e9parant ainsi \u00e0 des postes de responsabilit\u00e9.\nSa carri\u00e8re professionnelle a d\u00e9but\u00e9 dans un cabinet comptable de renom, o\u00f9 il a occup\u00e9 le poste d'assistant comptable. Cette exp\u00e9rience lui a permis de d\u00e9velopper des comp\u00e9tences pratiques en mati\u00e8re de comptabilit\u00e9, d'analyse financi\u00e8re et de gestion des dossiers clients.\nFort de ses comp\u00e9tences et de son exp\u00e9rience, Monsieur Diallo a ensuite \u00e9volu\u00e9 vers un poste de responsable comptable au sein d'une soci\u00e9t\u00e9 de technologies de l'information et de la communication (TIC). Dans ce r\u00f4le, il a \u00e9t\u00e9 charg\u00e9 de superviser les op\u00e9rations comptables, d'assurer le suivi des budgets et de contribuer \u00e0 l'optimisation des processus financiers de l'entreprise.\nSa carri\u00e8re a atteint de nouveaux sommets lorsqu'il est devenu Directeur Administratif et Financier chez Enical, o\u00f9 il a occup\u00e9 cette fonction pendant plusieurs ann\u00e9es. En tant que DAF, il a jou\u00e9 un r\u00f4le crucial dans la gestion globale des finances, la planification budg\u00e9taire, le contr\u00f4le de gestion et la prise de d\u00e9cisions strat\u00e9giques pour l'entreprise.\nActuellement, Monsieur Maliki Diallo occupe le poste prestigieux de Directeur Administratif et Financier chez FAGARA PARTNERS, une position qui t\u00e9moigne de sa comp\u00e9tence, de sa vision strat\u00e9gique et de sa capacit\u00e9 \u00e0 diriger efficacement les aspects financiers et administratifs d'une entreprise prosp\u00e8re.\n<br><br>\nMonsieur DIALLO assume la responsabilit\u00e9 de superviser les aspects financiers, administratifs et comptables de l'entreprise. Ses missions comprennent la planification financi\u00e8re, le contr\u00f4le budg\u00e9taire, la gestion des flux de tr\u00e9sorerie, la supervision de la comptabilit\u00e9 et des finances, ainsi que la pr\u00e9paration des \u00e9tats financiers et l'analyse des performances financi\u00e8res. Il supervise \u00e9galement les activit\u00e9s li\u00e9es aux ressources humaines et \u00e0 l'administration pour assurer un fonctionnement efficace et harmonieux de l'organisation. <\/div>\r\n         \r\n         \r\n      <\/div>\r\n   <\/div>\r\n<\/div>\t\t<\/div>\n\t\t\t\t<\/div>\n\t\t\t\t\t<\/div>\n\t\t<\/div>\n\t\t\t\t\t<\/div>\n\t\t<\/section>\n\t\t\t\t<\/div>","protected":false},"excerpt":{"rendered":"<p>Diallo Maliki Directeur Administratif et Financier Monsieur Maliki Diallo est un professionnel accompli dans le domaine de la finance, de la comptabilit\u00e9 et de la gestion d&#8217;entreprise. Il a d\u00e9but\u00e9 [&hellip;]<\/p>","protected":false},"author":1,"featured_media":0,"parent":0,"menu_order":0,"comment_status":"closed","ping_status":"closed","template":"","meta":{"footnotes":""},"class_list":["post-1816","page","type-page","status-publish","hentry"],"_links":{"self":[{"href":"https:\/\/fagarapartners.com\/en\/wp-json\/wp\/v2\/pages\/1816","targetHints":{"allow":["GET"]}}],"collection":[{"href":"https:\/\/fagarapartners.com\/en\/wp-json\/wp\/v2\/pages"}],"about":[{"href":"https:\/\/fagarapartners.com\/en\/wp-json\/wp\/v2\/types\/page"}],"author":[{"embeddable":true,"href":"https:\/\/fagarapartners.com\/en\/wp-json\/wp\/v2\/users\/1"}],"replies":[{"embeddable":true,"href":"https:\/\/fagarapartners.com\/en\/wp-json\/wp\/v2\/comments?post=1816"}],"version-history":[{"count":22,"href":"https:\/\/fagarapartners.com\/en\/wp-json\/wp\/v2\/pages\/1816\/revisions"}],"predecessor-version":[{"id":2191,"href":"https:\/\/fagarapartners.com\/en\/wp-json\/wp\/v2\/pages\/1816\/revisions\/2191"}],"wp:attachment":[{"href":"https:\/\/fagarapartners.com\/en\/wp-json\/wp\/v2\/media?parent=1816"}],"curies":[{"name":"wp","href":"https:\/\/api.w.org\/{rel}","templated":true}]}}