{"id":1804,"date":"2024-03-27T16:56:34","date_gmt":"2024-03-27T15:56:34","guid":{"rendered":"https:\/\/fagarapartners.com\/?page_id=1804"},"modified":"2025-10-28T09:54:29","modified_gmt":"2025-10-28T08:54:29","slug":"biographie4","status":"publish","type":"page","link":"https:\/\/fagarapartners.com\/en\/biographie4\/","title":{"rendered":"Biographie4"},"content":{"rendered":"<div data-elementor-type=\"wp-page\" data-elementor-id=\"1804\" class=\"elementor elementor-1804\" data-elementor-post-type=\"page\">\n\t\t\t\t\t\t<section class=\"elementor-section elementor-top-section elementor-element elementor-element-80ca23e elementor-section-full_width elementor-section-stretched elementor-section-height-default elementor-section-height-default\" data-id=\"80ca23e\" data-element_type=\"section\" data-settings=\"{&quot;background_background&quot;:&quot;classic&quot;,&quot;stretch_section&quot;:&quot;section-stretched&quot;}\">\n\t\t\t\t\t\t<div class=\"elementor-container elementor-column-gap-default\">\n\t\t\t\t\t<div class=\"elementor-column elementor-col-100 elementor-top-column elementor-element elementor-element-9a40f23\" data-id=\"9a40f23\" data-element_type=\"column\">\n\t\t\t<div class=\"elementor-widget-wrap elementor-element-populated\">\n\t\t\t\t\t\t<div class=\"elementor-element elementor-element-cacb5da elementor-widget elementor-widget-image\" data-id=\"cacb5da\" data-element_type=\"widget\" data-widget_type=\"image.default\">\n\t\t\t\t<div class=\"elementor-widget-container\">\n\t\t\t\t\t\t\t\t\t\t\t\t\t<img fetchpriority=\"high\" decoding=\"async\" width=\"1000\" height=\"666\" src=\"https:\/\/fagarapartners.com\/wp-content\/uploads\/2024\/04\/notre-equipe.webp\" class=\"attachment-full size-full wp-image-2166\" alt=\"\" srcset=\"https:\/\/fagarapartners.com\/wp-content\/uploads\/2024\/04\/notre-equipe.webp 1000w, https:\/\/fagarapartners.com\/wp-content\/uploads\/2024\/04\/notre-equipe-768x511.webp 768w, https:\/\/fagarapartners.com\/wp-content\/uploads\/2024\/04\/notre-equipe-600x400.webp 600w\" sizes=\"(max-width: 1000px) 100vw, 1000px\" \/>\t\t\t\t\t\t\t\t\t\t\t\t\t<\/div>\n\t\t\t\t<\/div>\n\t\t\t\t\t<\/div>\n\t\t<\/div>\n\t\t\t\t\t<\/div>\n\t\t<\/section>\n\t\t\t\t<section class=\"elementor-section elementor-top-section elementor-element elementor-element-d0d5d53 elementor-section-boxed elementor-section-height-default elementor-section-height-default\" data-id=\"d0d5d53\" data-element_type=\"section\" data-settings=\"{&quot;background_background&quot;:&quot;classic&quot;,&quot;shape_divider_top&quot;:&quot;zigzag&quot;}\">\n\t\t\t\t\t<div class=\"elementor-shape elementor-shape-top\" data-negative=\"false\">\n\t\t\t<svg xmlns=\"http:\/\/www.w3.org\/2000\/svg\" viewbox=\"0 0 1800 5.8\" preserveaspectratio=\"none\">\n  <path class=\"elementor-shape-fill\" d=\"M5.4.4l5.4 5.3L16.5.4l5.4 5.3L27.5.4 33 5.7 38.6.4l5.5 5.4h.1L49.9.4l5.4 5.3L60.9.4l5.5 5.3L72 .4l5.5 5.3L83.1.4l5.4 5.3L94.1.4l5.5 5.4h.2l5.6-5.4 5.5 5.3 5.6-5.3 5.4 5.3 5.6-5.3 5.5 5.3 5.6-5.3 5.5 5.4h.2l5.6-5.4 5.4 5.3L161 .4l5.4 5.3L172 .4l5.5 5.3 5.6-5.3 5.4 5.3 5.7-5.3 5.4 5.4h.2l5.6-5.4 5.5 5.3 5.6-5.3 5.5 5.3 5.6-5.3 5.4 5.3 5.6-5.3 5.5 5.4h.2l5.6-5.4 5.5 5.3L261 .4l5.4 5.3L272 .4l5.5 5.3 5.6-5.3 5.5 5.3 5.6-5.3 5.5 5.4h.1l5.7-5.4 5.4 5.3 5.6-5.3 5.5 5.3 5.6-5.3 5.4 5.3 5.7-5.3 5.4 5.4h.2l5.6-5.4 5.5 5.3L361 .4l5.5 5.3 5.6-5.3 5.4 5.3 5.6-5.3 5.5 5.3 5.6-5.3 5.5 5.4h.1l5.7-5.4 5.4 5.3 5.6-5.3 5.5 5.3 5.6-5.3 5.5 5.3 5.6-5.3 5.5 5.4h.1l5.6-5.4 5.5 5.3L461 .4l5.5 5.3 5.6-5.3 5.4 5.3 5.7-5.3 5.4 5.3 5.6-5.3 5.5 5.4h.2l5.6-5.4 5.5 5.3 5.6-5.3 5.4 5.3 5.6-5.3 5.5 5.3 5.6-5.3 5.5 5.4h.1L550 .4l5.4 5.3L561 .4l5.5 5.3 5.6-5.3 5.5 5.3 5.6-5.3 5.4 5.3 5.6-5.3 5.5 5.4h.2l5.6-5.4 5.5 5.3 5.6-5.3 5.4 5.3 5.7-5.3 5.4 5.3 5.6-5.3 5.5 5.4h.2L650 .4l5.5 5.3 5.6-5.3 5.4 5.3 5.6-5.3 5.5 5.3 5.6-5.3 5.5 5.3 5.6-5.3 5.4 5.4h.2l5.6-5.4 5.5 5.3 5.6-5.3 5.5 5.3 5.6-5.3 5.4 5.3 5.6-5.3 5.5 5.4h.2L750 .4l5.5 5.3 5.6-5.3 5.4 5.3 5.7-5.3 5.4 5.3 5.6-5.3 5.5 5.3 5.6-5.3 5.5 5.4h.1l5.7-5.4 5.4 5.3 5.6-5.3 5.5 5.3 5.6-5.3 5.5 5.3 5.6-5.3 5.4 5.4h.2L850 .4l5.5 5.3 5.6-5.3 5.5 5.3 5.6-5.3 5.4 5.3 5.6-5.3 5.5 5.3 5.6-5.3 5.5 5.4h.2l5.6-5.4 5.4 5.3 5.7-5.3 5.4 5.3 5.6-5.3 5.5 5.3 5.6-5.3 5.5 5.4h.1l5.7-5.4 5.4 5.3 5.6-5.3 5.5 5.3 5.6-5.3 5.5 5.3 5.6-5.3 5.4 5.3 5.6-5.3 5.5 5.4h.2l5.6-5.4 5.5 5.3 5.6-5.3 5.4 5.3 5.6-5.3 5.5 5.3 5.6-5.3 5.5 5.4h.2l5.6-5.4 5.4 5.3 5.7-5.3 5.4 5.3 5.6-5.3 5.5 5.3 5.6-5.3 5.5 5.3 5.6-5.3 5.4 5.4h.2l5.6-5.4 5.5 5.3 5.6-5.3 5.5 5.3 5.6-5.3 5.4 5.3 5.6-5.3 5.5 5.4h.2l5.6-5.4 5.5 5.3 5.6-5.3 5.4 5.3 5.6-5.3 5.5 5.3 5.6-5.3 5.5 5.3 5.6-5.3 5.5 5.4h.1l5.7-5.4 5.4 5.3 5.6-5.3 5.5 5.3 5.6-5.3 5.5 5.3 5.6-5.3 5.4 5.4h.2l5.6-5.4 5.5 5.3 5.6-5.3 5.5 5.3 5.6-5.3 5.4 5.3 5.6-5.3 5.5 5.3 5.6-5.3 5.5 5.4h.2l5.6-5.4 5.4 5.3 5.6-5.3 5.5 5.3 5.6-5.3 5.5 5.3 5.6-5.3 5.5 5.4h.1l5.7-5.4 5.4 5.3 5.6-5.3 5.5 5.3 5.6-5.3 5.5 5.3 5.6-5.3 5.4 5.3 5.6-5.3 5.5 5.4h.2l5.6-5.4 5.5 5.3 5.6-5.3 5.4 5.3 5.6-5.3 5.5 5.3 5.6-5.3 5.5 5.4h.2l5.6-5.4 5.4 5.3 5.6-5.3 5.5 5.3 5.6-5.3 5.5 5.3 5.6-5.3 5.4 5.3 5.7-5.3 5.4 5.4h.2l5.6-5.4 5.5 5.3 5.6-5.3 5.5 5.3 5.6-5.3 5.4 5.3 5.6-5.3 5.5 5.4h.2l5.6-5.4 5.5 5.3 5.6-5.3 5.4 5.3 5.6-5.3 5.5 5.3 5.6-5.3 5.5 5.3 5.6-5.3 5.5 5.4h.1l5.6-5.4 5.5 5.3 5.6-5.3 5.5 5.3 5.6-5.3 5.4 5.3 5.7-5.3 5.4 5.4h.2l5.6-5.4 5.5 5.3 5.6-5.3 5.5 5.3 5.6-5.3 5.4 5.3 5.6-5.3 5.5 5.3 5.6-5.3 5.5 5.4h.1l5.7-5.4 5.4 5.3 5.6-5.3 5.5 5.3 5.6-5.3 5.5 5.3 5.6-5.3 5.5 5.4h.1l5.6-5.4 5.5 5.3 5.6-5.3 5.5 5.3 5.6-5.3 5.4 5.3 5.7-5.3 5.4 5.3 5.6-5.3 5.5 5.4V0H-.2v5.8z\"\/>\n<\/svg>\n\t\t<\/div>\n\t\t\t\t\t<div class=\"elementor-container elementor-column-gap-default\">\n\t\t\t\t\t<div class=\"elementor-column elementor-col-50 elementor-top-column elementor-element elementor-element-123ea89\" data-id=\"123ea89\" data-element_type=\"column\">\n\t\t\t<div class=\"elementor-widget-wrap elementor-element-populated\">\n\t\t\t\t\t\t<div class=\"elementor-element elementor-element-d5efa7a elementor-widget elementor-widget-image\" data-id=\"d5efa7a\" data-element_type=\"widget\" data-widget_type=\"image.default\">\n\t\t\t\t<div class=\"elementor-widget-container\">\n\t\t\t\t\t\t\t\t\t\t\t\t\t<img decoding=\"async\" width=\"872\" height=\"1024\" src=\"https:\/\/fagarapartners.com\/wp-content\/uploads\/2025\/10\/mme_malllon.png\" class=\"attachment-large size-large wp-image-2356\" alt=\"\" srcset=\"https:\/\/fagarapartners.com\/wp-content\/uploads\/2025\/10\/mme_malllon.png 872w, https:\/\/fagarapartners.com\/wp-content\/uploads\/2025\/10\/mme_malllon-768x902.png 768w, https:\/\/fagarapartners.com\/wp-content\/uploads\/2025\/10\/mme_malllon-600x705.png 600w\" sizes=\"(max-width: 872px) 100vw, 872px\" \/>\t\t\t\t\t\t\t\t\t\t\t\t\t<\/div>\n\t\t\t\t<\/div>\n\t\t\t\t<div class=\"elementor-element elementor-element-6aef9d1 elementor-widget elementor-widget-gva-heading-block\" data-id=\"6aef9d1\" data-element_type=\"widget\" data-widget_type=\"gva-heading-block.default\">\n\t\t\t\t<div class=\"elementor-widget-container\">\n\t\t\t<div class=\"gva-element-gva-heading-block gva-element\">   <div class=\"align-left style-1 widget gsc-heading box-align-left auto-responsive\">\r\n      <div class=\"content-inner\">\r\n         \r\n                  \r\n         <div class=\"sub-title\"><span class=\"tagline\">Mallon SANGARE<\/span><\/div>  \r\n         \r\n                     <h2 class=\"title\">\r\n               <span>Legal and Compliance Director<\/span>\r\n            <\/h2>\r\n                  \r\n         \r\n         \r\n      <\/div>\r\n   <\/div>\r\n<\/div>\t\t<\/div>\n\t\t\t\t<\/div>\n\t\t\t\t\t<\/div>\n\t\t<\/div>\n\t\t\t\t<div class=\"elementor-column elementor-col-50 elementor-top-column elementor-element elementor-element-087fda3\" data-id=\"087fda3\" data-element_type=\"column\">\n\t\t\t<div class=\"elementor-widget-wrap elementor-element-populated\">\n\t\t\t\t\t\t<div class=\"elementor-element elementor-element-7f494ae elementor-widget elementor-widget-gva-heading-block\" data-id=\"7f494ae\" data-element_type=\"widget\" data-widget_type=\"gva-heading-block.default\">\n\t\t\t\t<div class=\"elementor-widget-container\">\n\t\t\t<div class=\"gva-element-gva-heading-block gva-element\">   <div class=\"align-left style-1 widget gsc-heading box-align-left auto-responsive\">\r\n      <div class=\"content-inner\">\r\n         \r\n                  \r\n         <div class=\"sub-title\"><span class=\"tagline\">Biographie<\/span><\/div>  \r\n         \r\n                  \r\n                     <div class=\"title-desc\">Madame Mallon Sangar\u00e9 est une personne extr\u00eamement comp\u00e9tente, dot\u00e9e d'un parcours acad\u00e9mique diversifi\u00e9 et d'une vaste exp\u00e9rience professionnelle. Elle a une licence en sciences politiques de L'UNIVERSITE DU QUEBEC A MONTREAL (UQAM) et une ma\u00eetrise en administration publique et en politique \u00e0 l'Universit\u00e9 CONCORDIA DE MONTREAL. Cela a approfondi ses connaissances et comp\u00e9tences juridiques, la pr\u00e9parant \u00e0 une carri\u00e8re dans le domaine juridique.\nMadame Sangar\u00e9 a commenc\u00e9 sa carri\u00e8re juridique en tant qu'assistante juridique au Cabinet ARPINS &amp; ASSOCIES o\u00f9 elle \u00e9tait en charge des dossiers juridiques en cours. A ce titre elle effectuait les \u00e9tudes pr\u00e9liminaires et veillait \u00e0 la progression fluide des affaires juridiques.\nSa carri\u00e8re a progress\u00e9 davantage lorsqu'elle est devenue responsable juridique et des ressources humaines \u00e0 la Chambre de commerce ivoiro-britannique, puis chez ESPACE ROMY. Ces postes lui ont permis de conjuguer son expertise juridique avec la gestion des ressources humaines, d\u00e9montrant ainsi sa polyvalence et sa r\u00e9flexion strat\u00e9gique.\nMadame SANGARE est une professionnelle dynamique, dot\u00e9e d'une solide formation acad\u00e9mique, d'une expertise juridique, de comp\u00e9tences manag\u00e9riales et d'un engagement \u00e0 apporter des contributions significatives tant dans le domaine juridique que dans celui de l'organisation.\n<br><br>\nA FAGARA PARTNERS, elle a pour mission principale de garantir que toutes les op\u00e9rations et transactions de l'entreprise respectent les normes l\u00e9gales, r\u00e9glementaires et \u00e9thiques en vigueur. Son r\u00f4le consiste \u00e0 superviser les aspects juridiques des op\u00e9rations de fusion-acquisition et de financement, \u00e0 fournir des conseils juridiques strat\u00e9giques, \u00e0 \u00e9valuer les risques l\u00e9gaux et r\u00e9glementaires, \u00e0 n\u00e9gocier et r\u00e9diger des contrats, ainsi qu'\u00e0 assurer la conformit\u00e9 avec les lois et les r\u00e9glementations applicables, tout en travaillant en \u00e9troite collaboration avec les autres d\u00e9partements pour garantir le succ\u00e8s et l'int\u00e9grit\u00e9 des activit\u00e9s de l'entreprise.\n<\/div>\r\n         \r\n         \r\n      <\/div>\r\n   <\/div>\r\n<\/div>\t\t<\/div>\n\t\t\t\t<\/div>\n\t\t\t\t\t<\/div>\n\t\t<\/div>\n\t\t\t\t\t<\/div>\n\t\t<\/section>\n\t\t\t\t<\/div>","protected":false},"excerpt":{"rendered":"<p>Mallon SANGARE Directeur Juridique et Conformit\u00e9 Biographie Madame Mallon Sangar\u00e9 est une personne extr\u00eamement comp\u00e9tente, dot\u00e9e d&#8217;un parcours acad\u00e9mique diversifi\u00e9 et d&#8217;une vaste exp\u00e9rience professionnelle. Elle a une licence en [&hellip;]<\/p>","protected":false},"author":1,"featured_media":0,"parent":0,"menu_order":0,"comment_status":"closed","ping_status":"closed","template":"","meta":{"footnotes":""},"class_list":["post-1804","page","type-page","status-publish","hentry"],"_links":{"self":[{"href":"https:\/\/fagarapartners.com\/en\/wp-json\/wp\/v2\/pages\/1804","targetHints":{"allow":["GET"]}}],"collection":[{"href":"https:\/\/fagarapartners.com\/en\/wp-json\/wp\/v2\/pages"}],"about":[{"href":"https:\/\/fagarapartners.com\/en\/wp-json\/wp\/v2\/types\/page"}],"author":[{"embeddable":true,"href":"https:\/\/fagarapartners.com\/en\/wp-json\/wp\/v2\/users\/1"}],"replies":[{"embeddable":true,"href":"https:\/\/fagarapartners.com\/en\/wp-json\/wp\/v2\/comments?post=1804"}],"version-history":[{"count":28,"href":"https:\/\/fagarapartners.com\/en\/wp-json\/wp\/v2\/pages\/1804\/revisions"}],"predecessor-version":[{"id":2359,"href":"https:\/\/fagarapartners.com\/en\/wp-json\/wp\/v2\/pages\/1804\/revisions\/2359"}],"wp:attachment":[{"href":"https:\/\/fagarapartners.com\/en\/wp-json\/wp\/v2\/media?parent=1804"}],"curies":[{"name":"wp","href":"https:\/\/api.w.org\/{rel}","templated":true}]}}