{"id":1796,"date":"2024-03-27T16:48:40","date_gmt":"2024-03-27T15:48:40","guid":{"rendered":"https:\/\/fagarapartners.com\/?page_id=1796"},"modified":"2024-04-03T11:02:06","modified_gmt":"2024-04-03T09:02:06","slug":"biographie3","status":"publish","type":"page","link":"https:\/\/fagarapartners.com\/en\/biographie3\/","title":{"rendered":"Biographie3"},"content":{"rendered":"<div data-elementor-type=\"wp-page\" data-elementor-id=\"1796\" class=\"elementor elementor-1796\" data-elementor-post-type=\"page\">\n\t\t\t\t\t\t<section class=\"elementor-section elementor-top-section elementor-element elementor-element-77677fc elementor-section-full_width elementor-section-stretched elementor-section-height-default elementor-section-height-default\" data-id=\"77677fc\" data-element_type=\"section\" data-settings=\"{&quot;background_background&quot;:&quot;classic&quot;,&quot;stretch_section&quot;:&quot;section-stretched&quot;}\">\n\t\t\t\t\t\t<div class=\"elementor-container elementor-column-gap-default\">\n\t\t\t\t\t<div class=\"elementor-column elementor-col-100 elementor-top-column elementor-element elementor-element-6574ac5\" data-id=\"6574ac5\" data-element_type=\"column\">\n\t\t\t<div class=\"elementor-widget-wrap elementor-element-populated\">\n\t\t\t\t\t\t<div class=\"elementor-element elementor-element-9e34771 elementor-widget elementor-widget-image\" data-id=\"9e34771\" data-element_type=\"widget\" data-widget_type=\"image.default\">\n\t\t\t\t<div class=\"elementor-widget-container\">\n\t\t\t\t\t\t\t\t\t\t\t\t\t<img fetchpriority=\"high\" decoding=\"async\" width=\"1000\" height=\"666\" src=\"https:\/\/fagarapartners.com\/wp-content\/uploads\/2024\/04\/notre-equipe.webp\" class=\"attachment-full size-full wp-image-2166\" alt=\"\" srcset=\"https:\/\/fagarapartners.com\/wp-content\/uploads\/2024\/04\/notre-equipe.webp 1000w, https:\/\/fagarapartners.com\/wp-content\/uploads\/2024\/04\/notre-equipe-768x511.webp 768w, https:\/\/fagarapartners.com\/wp-content\/uploads\/2024\/04\/notre-equipe-600x400.webp 600w\" sizes=\"(max-width: 1000px) 100vw, 1000px\" \/>\t\t\t\t\t\t\t\t\t\t\t\t\t<\/div>\n\t\t\t\t<\/div>\n\t\t\t\t\t<\/div>\n\t\t<\/div>\n\t\t\t\t\t<\/div>\n\t\t<\/section>\n\t\t\t\t<section class=\"elementor-section elementor-top-section elementor-element elementor-element-d0d5d53 elementor-section-boxed elementor-section-height-default elementor-section-height-default\" data-id=\"d0d5d53\" data-element_type=\"section\" data-settings=\"{&quot;background_background&quot;:&quot;classic&quot;,&quot;shape_divider_top&quot;:&quot;zigzag&quot;}\">\n\t\t\t\t\t<div class=\"elementor-shape elementor-shape-top\" data-negative=\"false\">\n\t\t\t<svg xmlns=\"http:\/\/www.w3.org\/2000\/svg\" viewbox=\"0 0 1800 5.8\" preserveaspectratio=\"none\">\n  <path class=\"elementor-shape-fill\" d=\"M5.4.4l5.4 5.3L16.5.4l5.4 5.3L27.5.4 33 5.7 38.6.4l5.5 5.4h.1L49.9.4l5.4 5.3L60.9.4l5.5 5.3L72 .4l5.5 5.3L83.1.4l5.4 5.3L94.1.4l5.5 5.4h.2l5.6-5.4 5.5 5.3 5.6-5.3 5.4 5.3 5.6-5.3 5.5 5.3 5.6-5.3 5.5 5.4h.2l5.6-5.4 5.4 5.3L161 .4l5.4 5.3L172 .4l5.5 5.3 5.6-5.3 5.4 5.3 5.7-5.3 5.4 5.4h.2l5.6-5.4 5.5 5.3 5.6-5.3 5.5 5.3 5.6-5.3 5.4 5.3 5.6-5.3 5.5 5.4h.2l5.6-5.4 5.5 5.3L261 .4l5.4 5.3L272 .4l5.5 5.3 5.6-5.3 5.5 5.3 5.6-5.3 5.5 5.4h.1l5.7-5.4 5.4 5.3 5.6-5.3 5.5 5.3 5.6-5.3 5.4 5.3 5.7-5.3 5.4 5.4h.2l5.6-5.4 5.5 5.3L361 .4l5.5 5.3 5.6-5.3 5.4 5.3 5.6-5.3 5.5 5.3 5.6-5.3 5.5 5.4h.1l5.7-5.4 5.4 5.3 5.6-5.3 5.5 5.3 5.6-5.3 5.5 5.3 5.6-5.3 5.5 5.4h.1l5.6-5.4 5.5 5.3L461 .4l5.5 5.3 5.6-5.3 5.4 5.3 5.7-5.3 5.4 5.3 5.6-5.3 5.5 5.4h.2l5.6-5.4 5.5 5.3 5.6-5.3 5.4 5.3 5.6-5.3 5.5 5.3 5.6-5.3 5.5 5.4h.1L550 .4l5.4 5.3L561 .4l5.5 5.3 5.6-5.3 5.5 5.3 5.6-5.3 5.4 5.3 5.6-5.3 5.5 5.4h.2l5.6-5.4 5.5 5.3 5.6-5.3 5.4 5.3 5.7-5.3 5.4 5.3 5.6-5.3 5.5 5.4h.2L650 .4l5.5 5.3 5.6-5.3 5.4 5.3 5.6-5.3 5.5 5.3 5.6-5.3 5.5 5.3 5.6-5.3 5.4 5.4h.2l5.6-5.4 5.5 5.3 5.6-5.3 5.5 5.3 5.6-5.3 5.4 5.3 5.6-5.3 5.5 5.4h.2L750 .4l5.5 5.3 5.6-5.3 5.4 5.3 5.7-5.3 5.4 5.3 5.6-5.3 5.5 5.3 5.6-5.3 5.5 5.4h.1l5.7-5.4 5.4 5.3 5.6-5.3 5.5 5.3 5.6-5.3 5.5 5.3 5.6-5.3 5.4 5.4h.2L850 .4l5.5 5.3 5.6-5.3 5.5 5.3 5.6-5.3 5.4 5.3 5.6-5.3 5.5 5.3 5.6-5.3 5.5 5.4h.2l5.6-5.4 5.4 5.3 5.7-5.3 5.4 5.3 5.6-5.3 5.5 5.3 5.6-5.3 5.5 5.4h.1l5.7-5.4 5.4 5.3 5.6-5.3 5.5 5.3 5.6-5.3 5.5 5.3 5.6-5.3 5.4 5.3 5.6-5.3 5.5 5.4h.2l5.6-5.4 5.5 5.3 5.6-5.3 5.4 5.3 5.6-5.3 5.5 5.3 5.6-5.3 5.5 5.4h.2l5.6-5.4 5.4 5.3 5.7-5.3 5.4 5.3 5.6-5.3 5.5 5.3 5.6-5.3 5.5 5.3 5.6-5.3 5.4 5.4h.2l5.6-5.4 5.5 5.3 5.6-5.3 5.5 5.3 5.6-5.3 5.4 5.3 5.6-5.3 5.5 5.4h.2l5.6-5.4 5.5 5.3 5.6-5.3 5.4 5.3 5.6-5.3 5.5 5.3 5.6-5.3 5.5 5.3 5.6-5.3 5.5 5.4h.1l5.7-5.4 5.4 5.3 5.6-5.3 5.5 5.3 5.6-5.3 5.5 5.3 5.6-5.3 5.4 5.4h.2l5.6-5.4 5.5 5.3 5.6-5.3 5.5 5.3 5.6-5.3 5.4 5.3 5.6-5.3 5.5 5.3 5.6-5.3 5.5 5.4h.2l5.6-5.4 5.4 5.3 5.6-5.3 5.5 5.3 5.6-5.3 5.5 5.3 5.6-5.3 5.5 5.4h.1l5.7-5.4 5.4 5.3 5.6-5.3 5.5 5.3 5.6-5.3 5.5 5.3 5.6-5.3 5.4 5.3 5.6-5.3 5.5 5.4h.2l5.6-5.4 5.5 5.3 5.6-5.3 5.4 5.3 5.6-5.3 5.5 5.3 5.6-5.3 5.5 5.4h.2l5.6-5.4 5.4 5.3 5.6-5.3 5.5 5.3 5.6-5.3 5.5 5.3 5.6-5.3 5.4 5.3 5.7-5.3 5.4 5.4h.2l5.6-5.4 5.5 5.3 5.6-5.3 5.5 5.3 5.6-5.3 5.4 5.3 5.6-5.3 5.5 5.4h.2l5.6-5.4 5.5 5.3 5.6-5.3 5.4 5.3 5.6-5.3 5.5 5.3 5.6-5.3 5.5 5.3 5.6-5.3 5.5 5.4h.1l5.6-5.4 5.5 5.3 5.6-5.3 5.5 5.3 5.6-5.3 5.4 5.3 5.7-5.3 5.4 5.4h.2l5.6-5.4 5.5 5.3 5.6-5.3 5.5 5.3 5.6-5.3 5.4 5.3 5.6-5.3 5.5 5.3 5.6-5.3 5.5 5.4h.1l5.7-5.4 5.4 5.3 5.6-5.3 5.5 5.3 5.6-5.3 5.5 5.3 5.6-5.3 5.5 5.4h.1l5.6-5.4 5.5 5.3 5.6-5.3 5.5 5.3 5.6-5.3 5.4 5.3 5.7-5.3 5.4 5.3 5.6-5.3 5.5 5.4V0H-.2v5.8z\"\/>\n<\/svg>\n\t\t<\/div>\n\t\t\t\t\t<div class=\"elementor-container elementor-column-gap-default\">\n\t\t\t\t\t<div class=\"elementor-column elementor-col-50 elementor-top-column elementor-element elementor-element-123ea89\" data-id=\"123ea89\" data-element_type=\"column\">\n\t\t\t<div class=\"elementor-widget-wrap elementor-element-populated\">\n\t\t\t\t\t\t<div class=\"elementor-element elementor-element-d5efa7a elementor-widget elementor-widget-image\" data-id=\"d5efa7a\" data-element_type=\"widget\" data-widget_type=\"image.default\">\n\t\t\t\t<div class=\"elementor-widget-container\">\n\t\t\t\t\t\t\t\t\t\t\t\t\t<img decoding=\"async\" width=\"592\" height=\"589\" src=\"https:\/\/fagarapartners.com\/wp-content\/uploads\/2024\/03\/Guy-Serge-G.png\" class=\"attachment-large size-large wp-image-1883\" alt=\"\" srcset=\"https:\/\/fagarapartners.com\/wp-content\/uploads\/2024\/03\/Guy-Serge-G.png 592w, https:\/\/fagarapartners.com\/wp-content\/uploads\/2024\/03\/Guy-Serge-G-175x175.png 175w, https:\/\/fagarapartners.com\/wp-content\/uploads\/2024\/03\/Guy-Serge-G-180x180.png 180w\" sizes=\"(max-width: 592px) 100vw, 592px\" \/>\t\t\t\t\t\t\t\t\t\t\t\t\t<\/div>\n\t\t\t\t<\/div>\n\t\t\t\t<div class=\"elementor-element elementor-element-6aef9d1 elementor-widget elementor-widget-gva-heading-block\" data-id=\"6aef9d1\" data-element_type=\"widget\" data-widget_type=\"gva-heading-block.default\">\n\t\t\t\t<div class=\"elementor-widget-container\">\n\t\t\t<div class=\"gva-element-gva-heading-block gva-element\">   <div class=\"align-left style-1 widget gsc-heading box-align-left auto-responsive\">\r\n      <div class=\"content-inner\">\r\n         \r\n                  \r\n         <div class=\"sub-title\"><span class=\"tagline\">Guy Serge GAOMBALET<\/span><\/div>  \r\n         \r\n                     <h2 class=\"title\">\r\n               <span>Financing and Investment Expert<\/span>\r\n            <\/h2>\r\n                  \r\n         \r\n         \r\n      <\/div>\r\n   <\/div>\r\n<\/div>\t\t<\/div>\n\t\t\t\t<\/div>\n\t\t\t\t\t<\/div>\n\t\t<\/div>\n\t\t\t\t<div class=\"elementor-column elementor-col-50 elementor-top-column elementor-element elementor-element-087fda3\" data-id=\"087fda3\" data-element_type=\"column\">\n\t\t\t<div class=\"elementor-widget-wrap elementor-element-populated\">\n\t\t\t\t\t\t<div class=\"elementor-element elementor-element-7f494ae elementor-widget elementor-widget-gva-heading-block\" data-id=\"7f494ae\" data-element_type=\"widget\" data-widget_type=\"gva-heading-block.default\">\n\t\t\t\t<div class=\"elementor-widget-container\">\n\t\t\t<div class=\"gva-element-gva-heading-block gva-element\">   <div class=\"align-left style-1 widget gsc-heading box-align-left auto-responsive\">\r\n      <div class=\"content-inner\">\r\n         \r\n                  \r\n           \r\n         \r\n                  \r\n                     <div class=\"title-desc\">Monsieur GAOMBALET a un Master en \u00c9conomie du D\u00e9veloppement et un Master en Finance et Administration \u00e0 l'Universit\u00e9 F\u00e9lix Houphou\u00ebt-Boigny. Il a \u00e9galement obtenu un Master en \u00c9conomie du D\u00e9veloppement \u00e0 l'Universit\u00e9 Grenoble Alpes, avec une sp\u00e9cialisation en Gestion des Organisations et D\u00e9veloppement International (GODI) et une option en Planification et Innovation pour le D\u00e9veloppement (PID).\nGr\u00e2ce \u00e0 cette combinaison de formations en \u00e9conomie du d\u00e9veloppement, en gestion, en finance et en administration, Monsieur GAOMBALET a acquis une expertise polyvalente et une compr\u00e9hension approfondie des enjeux \u00e9conomiques et organisationnels, ce qui lui permet d'aborder les d\u00e9fis professionnels avec un bagage acad\u00e9mique solide.\nIl exerce actuellement en tant que Expert Financement et Investissement chez FAGARA PARTNERS, apportant son expertise pointue \u00e0 la gestion financi\u00e8re et aux strat\u00e9gies d'investissement de l'entreprise.\n<br><br>\nAvant de rejoindre l'\u00e9quipe FAGARA PARTNERS, Monsieur GAOMBALET a occup\u00e9 plusieurs r\u00f4les cl\u00e9s dans des organisations prestigieuses. De 2013 \u00e0 2016, il a \u00e9t\u00e9 Directeur Central \u00e0 la Banque des \u00c9tats de l'Afrique centrale (BEAC) \u00e0 Yaound\u00e9, en R\u00e9publique du Cameroun. Cette exp\u00e9rience lui a permis de d\u00e9velopper une compr\u00e9hension approfondie des march\u00e9s financiers r\u00e9gionaux et des strat\u00e9gies de financement.\n<br><br>\nPr\u00e9c\u00e9demment, Monsieur GAOMBALET a \u00e9galement exerc\u00e9 des fonctions de haute responsabilit\u00e9 dans le secteur des t\u00e9l\u00e9communications. Il a occup\u00e9 le poste de Directeur Administratif et Financier dans plusieurs soci\u00e9t\u00e9s en Afrique centrale.\n<br><br>\nSa transition r\u00e9ussie vers le poste de Expert Financement et Investissement chez FAGARA PARTNERS t\u00e9moigne de son expertise reconnue et de sa capacit\u00e9 \u00e0 comprendre et \u00e0 trouver des solutions aux besoins en financement et investissement des PME. Son parcours impressionnant et ses comp\u00e9tences av\u00e9r\u00e9es font de lui un atout pr\u00e9cieux pour FAGARA PARTNERS dans la r\u00e9alisation de ses objectifs.\n<br><br>\nMonsieur GAOMBALAET joue un r\u00f4le crucial dans la r\u00e9alisation de transactions financi\u00e8res strat\u00e9giques, la gestion des portefeuilles d'investissement et la cr\u00e9ation de valeur pour les clients. Cela exige de sa part des comp\u00e9tences approfondies en finance, en analyse financi\u00e8re, en n\u00e9gociation, en gestion des risques et une connaissance approfondie des march\u00e9s financiers et des tendances \u00e9conomiques.<\/div>\r\n         \r\n         \r\n      <\/div>\r\n   <\/div>\r\n<\/div>\t\t<\/div>\n\t\t\t\t<\/div>\n\t\t\t\t\t<\/div>\n\t\t<\/div>\n\t\t\t\t\t<\/div>\n\t\t<\/section>\n\t\t\t\t<\/div>","protected":false},"excerpt":{"rendered":"<p>Guy Serge GAOMBALET Expert Financement et Investissement Monsieur GAOMBALET a un Master en \u00c9conomie du D\u00e9veloppement et un Master en Finance et Administration \u00e0 l&#8217;Universit\u00e9 F\u00e9lix Houphou\u00ebt-Boigny. Il a \u00e9galement [&hellip;]<\/p>","protected":false},"author":1,"featured_media":0,"parent":0,"menu_order":0,"comment_status":"closed","ping_status":"closed","template":"","meta":{"footnotes":""},"class_list":["post-1796","page","type-page","status-publish","hentry"],"_links":{"self":[{"href":"https:\/\/fagarapartners.com\/en\/wp-json\/wp\/v2\/pages\/1796","targetHints":{"allow":["GET"]}}],"collection":[{"href":"https:\/\/fagarapartners.com\/en\/wp-json\/wp\/v2\/pages"}],"about":[{"href":"https:\/\/fagarapartners.com\/en\/wp-json\/wp\/v2\/types\/page"}],"author":[{"embeddable":true,"href":"https:\/\/fagarapartners.com\/en\/wp-json\/wp\/v2\/users\/1"}],"replies":[{"embeddable":true,"href":"https:\/\/fagarapartners.com\/en\/wp-json\/wp\/v2\/comments?post=1796"}],"version-history":[{"count":34,"href":"https:\/\/fagarapartners.com\/en\/wp-json\/wp\/v2\/pages\/1796\/revisions"}],"predecessor-version":[{"id":2277,"href":"https:\/\/fagarapartners.com\/en\/wp-json\/wp\/v2\/pages\/1796\/revisions\/2277"}],"wp:attachment":[{"href":"https:\/\/fagarapartners.com\/en\/wp-json\/wp\/v2\/media?parent=1796"}],"curies":[{"name":"wp","href":"https:\/\/api.w.org\/{rel}","templated":true}]}}