{"id":1785,"date":"2024-03-27T16:44:57","date_gmt":"2024-03-27T15:44:57","guid":{"rendered":"https:\/\/fagarapartners.com\/?page_id=1785"},"modified":"2024-04-01T10:46:27","modified_gmt":"2024-04-01T08:46:27","slug":"biographie2","status":"publish","type":"page","link":"https:\/\/fagarapartners.com\/en\/biographie2\/","title":{"rendered":"Biographie2"},"content":{"rendered":"<div data-elementor-type=\"wp-page\" data-elementor-id=\"1785\" class=\"elementor elementor-1785\" data-elementor-post-type=\"page\">\n\t\t\t\t\t\t<section class=\"elementor-section elementor-top-section elementor-element elementor-element-55e7164 elementor-section-full_width elementor-section-stretched elementor-section-height-default elementor-section-height-default\" data-id=\"55e7164\" data-element_type=\"section\" data-settings=\"{&quot;background_background&quot;:&quot;classic&quot;,&quot;stretch_section&quot;:&quot;section-stretched&quot;}\">\n\t\t\t\t\t\t<div class=\"elementor-container elementor-column-gap-default\">\n\t\t\t\t\t<div class=\"elementor-column elementor-col-100 elementor-top-column elementor-element elementor-element-b031b79\" data-id=\"b031b79\" data-element_type=\"column\">\n\t\t\t<div class=\"elementor-widget-wrap elementor-element-populated\">\n\t\t\t\t\t\t<div class=\"elementor-element elementor-element-55f3676 elementor-widget elementor-widget-image\" data-id=\"55f3676\" data-element_type=\"widget\" data-widget_type=\"image.default\">\n\t\t\t\t<div class=\"elementor-widget-container\">\n\t\t\t\t\t\t\t\t\t\t\t\t\t<img fetchpriority=\"high\" decoding=\"async\" width=\"1000\" height=\"666\" src=\"https:\/\/fagarapartners.com\/wp-content\/uploads\/2024\/04\/notre-equipe.webp\" class=\"attachment-full size-full wp-image-2166\" alt=\"\" srcset=\"https:\/\/fagarapartners.com\/wp-content\/uploads\/2024\/04\/notre-equipe.webp 1000w, https:\/\/fagarapartners.com\/wp-content\/uploads\/2024\/04\/notre-equipe-768x511.webp 768w, https:\/\/fagarapartners.com\/wp-content\/uploads\/2024\/04\/notre-equipe-600x400.webp 600w\" sizes=\"(max-width: 1000px) 100vw, 1000px\" \/>\t\t\t\t\t\t\t\t\t\t\t\t\t<\/div>\n\t\t\t\t<\/div>\n\t\t\t\t\t<\/div>\n\t\t<\/div>\n\t\t\t\t\t<\/div>\n\t\t<\/section>\n\t\t\t\t<section class=\"elementor-section elementor-top-section elementor-element elementor-element-d0d5d53 elementor-section-boxed elementor-section-height-default elementor-section-height-default\" data-id=\"d0d5d53\" data-element_type=\"section\" data-settings=\"{&quot;background_background&quot;:&quot;classic&quot;,&quot;shape_divider_top&quot;:&quot;zigzag&quot;}\">\n\t\t\t\t\t<div class=\"elementor-shape elementor-shape-top\" data-negative=\"false\">\n\t\t\t<svg xmlns=\"http:\/\/www.w3.org\/2000\/svg\" viewbox=\"0 0 1800 5.8\" preserveaspectratio=\"none\">\n  <path class=\"elementor-shape-fill\" d=\"M5.4.4l5.4 5.3L16.5.4l5.4 5.3L27.5.4 33 5.7 38.6.4l5.5 5.4h.1L49.9.4l5.4 5.3L60.9.4l5.5 5.3L72 .4l5.5 5.3L83.1.4l5.4 5.3L94.1.4l5.5 5.4h.2l5.6-5.4 5.5 5.3 5.6-5.3 5.4 5.3 5.6-5.3 5.5 5.3 5.6-5.3 5.5 5.4h.2l5.6-5.4 5.4 5.3L161 .4l5.4 5.3L172 .4l5.5 5.3 5.6-5.3 5.4 5.3 5.7-5.3 5.4 5.4h.2l5.6-5.4 5.5 5.3 5.6-5.3 5.5 5.3 5.6-5.3 5.4 5.3 5.6-5.3 5.5 5.4h.2l5.6-5.4 5.5 5.3L261 .4l5.4 5.3L272 .4l5.5 5.3 5.6-5.3 5.5 5.3 5.6-5.3 5.5 5.4h.1l5.7-5.4 5.4 5.3 5.6-5.3 5.5 5.3 5.6-5.3 5.4 5.3 5.7-5.3 5.4 5.4h.2l5.6-5.4 5.5 5.3L361 .4l5.5 5.3 5.6-5.3 5.4 5.3 5.6-5.3 5.5 5.3 5.6-5.3 5.5 5.4h.1l5.7-5.4 5.4 5.3 5.6-5.3 5.5 5.3 5.6-5.3 5.5 5.3 5.6-5.3 5.5 5.4h.1l5.6-5.4 5.5 5.3L461 .4l5.5 5.3 5.6-5.3 5.4 5.3 5.7-5.3 5.4 5.3 5.6-5.3 5.5 5.4h.2l5.6-5.4 5.5 5.3 5.6-5.3 5.4 5.3 5.6-5.3 5.5 5.3 5.6-5.3 5.5 5.4h.1L550 .4l5.4 5.3L561 .4l5.5 5.3 5.6-5.3 5.5 5.3 5.6-5.3 5.4 5.3 5.6-5.3 5.5 5.4h.2l5.6-5.4 5.5 5.3 5.6-5.3 5.4 5.3 5.7-5.3 5.4 5.3 5.6-5.3 5.5 5.4h.2L650 .4l5.5 5.3 5.6-5.3 5.4 5.3 5.6-5.3 5.5 5.3 5.6-5.3 5.5 5.3 5.6-5.3 5.4 5.4h.2l5.6-5.4 5.5 5.3 5.6-5.3 5.5 5.3 5.6-5.3 5.4 5.3 5.6-5.3 5.5 5.4h.2L750 .4l5.5 5.3 5.6-5.3 5.4 5.3 5.7-5.3 5.4 5.3 5.6-5.3 5.5 5.3 5.6-5.3 5.5 5.4h.1l5.7-5.4 5.4 5.3 5.6-5.3 5.5 5.3 5.6-5.3 5.5 5.3 5.6-5.3 5.4 5.4h.2L850 .4l5.5 5.3 5.6-5.3 5.5 5.3 5.6-5.3 5.4 5.3 5.6-5.3 5.5 5.3 5.6-5.3 5.5 5.4h.2l5.6-5.4 5.4 5.3 5.7-5.3 5.4 5.3 5.6-5.3 5.5 5.3 5.6-5.3 5.5 5.4h.1l5.7-5.4 5.4 5.3 5.6-5.3 5.5 5.3 5.6-5.3 5.5 5.3 5.6-5.3 5.4 5.3 5.6-5.3 5.5 5.4h.2l5.6-5.4 5.5 5.3 5.6-5.3 5.4 5.3 5.6-5.3 5.5 5.3 5.6-5.3 5.5 5.4h.2l5.6-5.4 5.4 5.3 5.7-5.3 5.4 5.3 5.6-5.3 5.5 5.3 5.6-5.3 5.5 5.3 5.6-5.3 5.4 5.4h.2l5.6-5.4 5.5 5.3 5.6-5.3 5.5 5.3 5.6-5.3 5.4 5.3 5.6-5.3 5.5 5.4h.2l5.6-5.4 5.5 5.3 5.6-5.3 5.4 5.3 5.6-5.3 5.5 5.3 5.6-5.3 5.5 5.3 5.6-5.3 5.5 5.4h.1l5.7-5.4 5.4 5.3 5.6-5.3 5.5 5.3 5.6-5.3 5.5 5.3 5.6-5.3 5.4 5.4h.2l5.6-5.4 5.5 5.3 5.6-5.3 5.5 5.3 5.6-5.3 5.4 5.3 5.6-5.3 5.5 5.3 5.6-5.3 5.5 5.4h.2l5.6-5.4 5.4 5.3 5.6-5.3 5.5 5.3 5.6-5.3 5.5 5.3 5.6-5.3 5.5 5.4h.1l5.7-5.4 5.4 5.3 5.6-5.3 5.5 5.3 5.6-5.3 5.5 5.3 5.6-5.3 5.4 5.3 5.6-5.3 5.5 5.4h.2l5.6-5.4 5.5 5.3 5.6-5.3 5.4 5.3 5.6-5.3 5.5 5.3 5.6-5.3 5.5 5.4h.2l5.6-5.4 5.4 5.3 5.6-5.3 5.5 5.3 5.6-5.3 5.5 5.3 5.6-5.3 5.4 5.3 5.7-5.3 5.4 5.4h.2l5.6-5.4 5.5 5.3 5.6-5.3 5.5 5.3 5.6-5.3 5.4 5.3 5.6-5.3 5.5 5.4h.2l5.6-5.4 5.5 5.3 5.6-5.3 5.4 5.3 5.6-5.3 5.5 5.3 5.6-5.3 5.5 5.3 5.6-5.3 5.5 5.4h.1l5.6-5.4 5.5 5.3 5.6-5.3 5.5 5.3 5.6-5.3 5.4 5.3 5.7-5.3 5.4 5.4h.2l5.6-5.4 5.5 5.3 5.6-5.3 5.5 5.3 5.6-5.3 5.4 5.3 5.6-5.3 5.5 5.3 5.6-5.3 5.5 5.4h.1l5.7-5.4 5.4 5.3 5.6-5.3 5.5 5.3 5.6-5.3 5.5 5.3 5.6-5.3 5.5 5.4h.1l5.6-5.4 5.5 5.3 5.6-5.3 5.5 5.3 5.6-5.3 5.4 5.3 5.7-5.3 5.4 5.3 5.6-5.3 5.5 5.4V0H-.2v5.8z\"\/>\n<\/svg>\n\t\t<\/div>\n\t\t\t\t\t<div class=\"elementor-container elementor-column-gap-default\">\n\t\t\t\t\t<div class=\"elementor-column elementor-col-50 elementor-top-column elementor-element elementor-element-123ea89\" data-id=\"123ea89\" data-element_type=\"column\">\n\t\t\t<div class=\"elementor-widget-wrap elementor-element-populated\">\n\t\t\t\t\t\t<div class=\"elementor-element elementor-element-d5efa7a elementor-widget elementor-widget-image\" data-id=\"d5efa7a\" data-element_type=\"widget\" data-widget_type=\"image.default\">\n\t\t\t\t<div class=\"elementor-widget-container\">\n\t\t\t\t\t\t\t\t\t\t\t\t\t<img decoding=\"async\" width=\"872\" height=\"1024\" src=\"https:\/\/fagarapartners.com\/wp-content\/uploads\/2024\/03\/Mr-Talibi-Haidra-872x1024.png\" class=\"attachment-large size-large wp-image-1886\" alt=\"\" srcset=\"https:\/\/fagarapartners.com\/wp-content\/uploads\/2024\/03\/Mr-Talibi-Haidra-872x1024.png 872w, https:\/\/fagarapartners.com\/wp-content\/uploads\/2024\/03\/Mr-Talibi-Haidra-768x902.png 768w, https:\/\/fagarapartners.com\/wp-content\/uploads\/2024\/03\/Mr-Talibi-Haidra-600x704.png 600w\" sizes=\"(max-width: 872px) 100vw, 872px\" \/>\t\t\t\t\t\t\t\t\t\t\t\t\t<\/div>\n\t\t\t\t<\/div>\n\t\t\t\t<div class=\"elementor-element elementor-element-6aef9d1 elementor-widget elementor-widget-gva-heading-block\" data-id=\"6aef9d1\" data-element_type=\"widget\" data-widget_type=\"gva-heading-block.default\">\n\t\t\t\t<div class=\"elementor-widget-container\">\n\t\t\t<div class=\"gva-element-gva-heading-block gva-element\">   <div class=\"align-left style-1 widget gsc-heading box-align-left auto-responsive\">\r\n      <div class=\"content-inner\">\r\n         \r\n                  \r\n         <div class=\"sub-title\"><span class=\"tagline\">Talibi HAIDRA<\/span><\/div>  \r\n         \r\n                     <h2 class=\"title\">\r\n               <span>Expert Due Diligence <\/span>\r\n            <\/h2>\r\n                  \r\n         \r\n         \r\n      <\/div>\r\n   <\/div>\r\n<\/div>\t\t<\/div>\n\t\t\t\t<\/div>\n\t\t\t\t\t<\/div>\n\t\t<\/div>\n\t\t\t\t<div class=\"elementor-column elementor-col-50 elementor-top-column elementor-element elementor-element-087fda3\" data-id=\"087fda3\" data-element_type=\"column\">\n\t\t\t<div class=\"elementor-widget-wrap elementor-element-populated\">\n\t\t\t\t\t\t<div class=\"elementor-element elementor-element-7f494ae elementor-widget elementor-widget-gva-heading-block\" data-id=\"7f494ae\" data-element_type=\"widget\" data-widget_type=\"gva-heading-block.default\">\n\t\t\t\t<div class=\"elementor-widget-container\">\n\t\t\t<div class=\"gva-element-gva-heading-block gva-element\">   <div class=\"align-left style-1 widget gsc-heading box-align-left auto-responsive\">\r\n      <div class=\"content-inner\">\r\n         \r\n                  \r\n           \r\n         \r\n                  \r\n                     <div class=\"title-desc\">Monsieur Talibi HAIDRA est un professionnel de renom dot\u00e9 d'une expertise remarquable en finance, en d\u00e9veloppement d'entreprise et en strat\u00e9gie. Il est \u00e9galement un entrepreneur chevronn\u00e9 et un leader dans le domaine de l'immobilier en C\u00f4te d'Ivoire.\n<br><br>\n Il est dipl\u00f4m\u00e9 de l'\u00c9cole Sup\u00e9rieure de Commerce d'Abidjan (ESCA) en C\u00f4te d'Ivoire et a obtenu un Executive Master de la c\u00e9l\u00e8bre business School HEC Paris, ce qui t\u00e9moigne de son excellence acad\u00e9mique et de son engagement envers l'excellence professionnelle.\n<br><br>\nTalibi HAIDRA a d\u00e9but\u00e9 sa carri\u00e8re chez EY C\u00f4te d'Ivoire, o\u00f9 il a pass\u00e9 plus de six ans et a gravi les \u00e9chelons pour devenir Directeur de Mission Senior. En 2004, il a rejoint le Groupe Atlantique T\u00e9l\u00e9com, qui est la soci\u00e9t\u00e9 m\u00e8re des filiales Moov, un op\u00e9rateur de t\u00e9l\u00e9phonie mobile. Au sein de ce groupe, il a occup\u00e9 plusieurs postes cl\u00e9s, notamment Directeur Financier et Directeur G\u00e9n\u00e9ral chez Moov B\u00e9nin. Sa contribution significative l'a finalement amen\u00e9 \u00e0 occuper le poste de Chief Corporate Strategy Officer au sein de la holding en septembre 2011.\n<br><br>\nEn juillet 2013, Talibi HAIDRA a entrepris sa propre aventure entrepreneuriale en fondant la S3I S.A, une entreprise de d\u00e9veloppement immobilier. Gr\u00e2ce \u00e0 son expertise et \u00e0 son engagement envers l'excellence, la S3I SA a remport\u00e9 le Prix d'Excellence du Meilleur Promoteur Immobilier de C\u00f4te d'Ivoire en 2015, seulement deux ans apr\u00e8s le lancement de l'entreprise. Aujourd'hui, la S3I S.A est un acteur majeur dans le secteur immobilier en C\u00f4te d'Ivoire, reconnu pour la qualit\u00e9 de ses r\u00e9alisations.\n<\/div>\r\n         \r\n         \r\n      <\/div>\r\n   <\/div>\r\n<\/div>\t\t<\/div>\n\t\t\t\t<\/div>\n\t\t\t\t\t<\/div>\n\t\t<\/div>\n\t\t\t\t\t<\/div>\n\t\t<\/section>\n\t\t<div class=\"elementor-element elementor-element-287eee5 e-flex e-con-boxed e-con e-parent\" data-id=\"287eee5\" data-element_type=\"container\" data-settings=\"{&quot;background_background&quot;:&quot;classic&quot;,&quot;container_type&quot;:&quot;flex&quot;,&quot;content_width&quot;:&quot;boxed&quot;}\" data-core-v316-plus=\"true\">\n\t\t\t\t\t<div class=\"e-con-inner\">\n\t\t\t\t<div class=\"elementor-element elementor-element-e197078 elementor-widget elementor-widget-text-editor\" data-id=\"e197078\" data-element_type=\"widget\" data-widget_type=\"text-editor.default\">\n\t\t\t\t<div class=\"elementor-widget-container\">\n\t\t\t\t\t\t\t<p>Entre autres fonctions d\u2019envergure qu\u2019il assume dans diverses organisations, comme Consultant Assesseur Coach \u00e0 SFI (Groupe Banque Mondiale) et Co-Directeur acad\u00e9mique du programme HEC Paris Challenge Plus Afrique, qui vise \u00e0 accompagner les jeunes entrepreneurs en Afrique, il est consultant pour FAGARA PARTNERS en tant qu&#8217;expert en due diligence. Son expertise \u00e9tendue en finance, en d\u00e9veloppement d&#8217;entreprise et en strat\u00e9gie en fait un atout majeur pour FAGARA PARTNERS, o\u00f9 il apporte une valeur ajout\u00e9e en mati\u00e8re de due diligence et de conseil strat\u00e9gique.<\/p><p>Monsieur HAIDRA apporte \u00e9galement son savoir-faire technique pour \u00e9valuer les risques et les opportunit\u00e9s li\u00e9s \u00e0 une transaction ou \u00e0 une entreprise. Il r\u00e9ussit cette mission gr\u00e2ce \u00e0 ses comp\u00e9tences solides en analyse financi\u00e8re, en compr\u00e9hension des affaires, en audit, en gestion des risques et sa capacit\u00e9 \u00e0 travailler de mani\u00e8re rigoureuse et m\u00e9thodique tout en respectant les d\u00e9lais et les normes de qualit\u00e9.<\/p><p>Son parcours remarquable a \u00e9t\u00e9 r\u00e9compens\u00e9 en mai 2023 lorsqu&#8217;il a \u00e9t\u00e9 \u00e9lu Grand Laur\u00e9at des MERCURE HEC 2023 \u2013 Zone Afrique, une distinction prestigieuse qui honore le meilleur entrepreneur africain d\u2019dipl\u00f4m\u00e9 de HEC Paris.<\/p>\t\t\t\t\t\t<\/div>\n\t\t\t\t<\/div>\n\t\t\t\t\t<\/div>\n\t\t\t\t<\/div>\n\t\t\t\t<\/div>","protected":false},"excerpt":{"rendered":"<p>Talibi HAIDRA Expert Due diligence Monsieur Talibi HAIDRA est un professionnel de renom dot\u00e9 d&#8217;une expertise remarquable en finance, en d\u00e9veloppement d&#8217;entreprise et en strat\u00e9gie. Il est \u00e9galement un entrepreneur [&hellip;]<\/p>","protected":false},"author":1,"featured_media":0,"parent":0,"menu_order":0,"comment_status":"closed","ping_status":"closed","template":"","meta":{"footnotes":""},"class_list":["post-1785","page","type-page","status-publish","hentry"],"_links":{"self":[{"href":"https:\/\/fagarapartners.com\/en\/wp-json\/wp\/v2\/pages\/1785","targetHints":{"allow":["GET"]}}],"collection":[{"href":"https:\/\/fagarapartners.com\/en\/wp-json\/wp\/v2\/pages"}],"about":[{"href":"https:\/\/fagarapartners.com\/en\/wp-json\/wp\/v2\/types\/page"}],"author":[{"embeddable":true,"href":"https:\/\/fagarapartners.com\/en\/wp-json\/wp\/v2\/users\/1"}],"replies":[{"embeddable":true,"href":"https:\/\/fagarapartners.com\/en\/wp-json\/wp\/v2\/comments?post=1785"}],"version-history":[{"count":34,"href":"https:\/\/fagarapartners.com\/en\/wp-json\/wp\/v2\/pages\/1785\/revisions"}],"predecessor-version":[{"id":2175,"href":"https:\/\/fagarapartners.com\/en\/wp-json\/wp\/v2\/pages\/1785\/revisions\/2175"}],"wp:attachment":[{"href":"https:\/\/fagarapartners.com\/en\/wp-json\/wp\/v2\/media?parent=1785"}],"curies":[{"name":"wp","href":"https:\/\/api.w.org\/{rel}","templated":true}]}}